{"id":1801,"date":"2025-07-14T11:42:56","date_gmt":"2025-07-14T09:42:56","guid":{"rendered":"https:\/\/lifeqode.de\/pie-de-imprenta\/"},"modified":"2026-03-12T14:59:00","modified_gmt":"2026-03-12T13:59:00","slug":"pie-de-imprenta","status":"publish","type":"page","link":"https:\/\/lifeqode.de\/es\/pie-de-imprenta\/","title":{"rendered":"Pie de imprenta"},"content":{"rendered":"\t\t<div data-elementor-type=\"wp-page\" data-elementor-id=\"1801\" class=\"elementor elementor-1801 elementor-1443\" data-elementor-post-type=\"page\">\n\t\t\t\t<div class=\"elementor-element elementor-element-1692a750 e-flex e-con-boxed e-con e-parent\" data-id=\"1692a750\" data-element_type=\"container\" data-e-type=\"container\">\n\t\t\t\t\t<div class=\"e-con-inner\">\n\t\t\t\t<div class=\"elementor-element elementor-element-5d978579 elementor-widget elementor-widget-heading\" data-id=\"5d978579\" data-element_type=\"widget\" data-e-type=\"widget\" data-widget_type=\"heading.default\">\n\t\t\t\t\t<h2 class=\"elementor-heading-title elementor-size-default\">Pie de imprenta<\/h2>\t\t\t\t<\/div>\n\t\t\t\t<div class=\"elementor-element elementor-element-4be630e3 elementor-widget elementor-widget-text-editor\" data-id=\"4be630e3\" data-element_type=\"widget\" data-e-type=\"widget\" data-widget_type=\"text-editor.default\">\n\t\t\t\t\t\t\t\t\t<h4>Qneurope Alemania GmbH<\/h4><p>Neuhofstra\u00dfe 9<br>D-64625 Bensheim<br>Alemania<\/p><p>Correo electr\u00f3nico: <a href=\"mailto:eu.suppport@qneurope.com\" target=\"_blank\" rel=\"noopener noreferrer\">eu.suppport@qneurope.com<\/a><br>Tel\u00e9fono: +49 (0)6251 98 91 640<\/p><p>Directores Generales: Jean Fran\u00e7ois Huertas, Evelyne Klepic<br>Registro Mercantil Darmstadt HRB 94131<\/p>\t\t\t\t\t\t\t\t<\/div>\n\t\t\t\t<div class=\"elementor-element elementor-element-4528d732 elementor-widget elementor-widget-text-editor\" data-id=\"4528d732\" data-element_type=\"widget\" data-e-type=\"widget\" data-widget_type=\"text-editor.default\">\n\t\t\t\t\t\t\t\t\t<h4>QNEUROPE FRANCE SAS<\/h4><p>68 Rue Principale<br>57800 Apuestas<br>Francia<\/p><p>Correo electr\u00f3nico: <a href=\"mailto:eu.support@qneurope.com\">eu.support@qneurope.com<\/a><br>Tel\u00e9fono: +49 (0) 6251 98 91 640<\/p><p>Directores Generales: Jean Fran\u00e7ois Huertas, Evelyne Klepic<br>C\u00f3digo SIREN: 894 267 350<br>Importe del capital social: 5.000,00 euros<\/p>\t\t\t\t\t\t\t\t<\/div>\n\t\t\t\t<div class=\"elementor-element elementor-element-4ce1f0b4 elementor-widget elementor-widget-text-editor\" data-id=\"4ce1f0b4\" data-element_type=\"widget\" data-e-type=\"widget\" data-widget_type=\"text-editor.default\">\n\t\t\t\t\t\t\t\t\t<h4>Qneurope Italia S.R.L.<\/h4><p>Via A. Sabatini 31\/F 51010 <br>Massa e Cozzile (PT) Italia<\/p><p>Correo electr\u00f3nico: <a href=\"mailto:eu.support@qneurope.com\">eu.support@qneurope.com <\/a><br>Tel\u00e9fono: +49 (0) 6251 98 91 640<\/p><p>Directores Generales: Jean Fran\u00e7ois Huertas, Evelyne Klepic<\/p>\t\t\t\t\t\t\t\t<\/div>\n\t\t\t\t\t<\/div>\n\t\t\t\t<\/div>\n\t\t\t\t<\/div>\n\t\t","protected":false},"excerpt":{"rendered":"<p>Pie de imprenta Qneurope Alemania GmbH Neuhofstra\u00dfe 9D-64625 BensheimAlemania Correo electr\u00f3nico: eu.suppport@qneurope.comTel\u00e9fono: +49 (0)6251 98 91 640 Directores Generales: Jean Fran\u00e7ois Huertas, Evelyne KlepicRegistro Mercantil Darmstadt HRB 94131 QNEUROPE FRANCE SAS 68 Rue Principale57800 ApuestasFrancia Correo electr\u00f3nico: eu.support@qneurope.comTel\u00e9fono: +49 (0) 6251 98 91 640 Directores Generales: Jean Fran\u00e7ois Huertas, Evelyne KlepicC\u00f3digo SIREN: 894 267 350Importe [&hellip;]<\/p>\n","protected":false},"author":1,"featured_media":0,"parent":0,"menu_order":0,"comment_status":"closed","ping_status":"closed","template":"elementor_header_footer","meta":{"footnotes":""},"class_list":["post-1801","page","type-page","status-publish","hentry"],"yoast_head":"<!-- This site is optimized with the Yoast SEO plugin v27.5 - https:\/\/yoast.com\/product\/yoast-seo-wordpress\/ -->\n<title>Pie de imprenta - LIFEQODE<\/title>\n<meta name=\"robots\" content=\"index, follow, max-snippet:-1, max-image-preview:large, max-video-preview:-1\" \/>\n<link rel=\"canonical\" href=\"https:\/\/lifeqode.de\/es\/pie-de-imprenta\/\" \/>\n<meta property=\"og:locale\" content=\"es_ES\" \/>\n<meta property=\"og:type\" content=\"article\" \/>\n<meta property=\"og:title\" content=\"Pie de imprenta - LIFEQODE\" \/>\n<meta property=\"og:description\" content=\"Pie de imprenta Qneurope Alemania GmbH Neuhofstra\u00dfe 9D-64625 BensheimAlemania Correo electr\u00f3nico: eu.suppport@qneurope.comTel\u00e9fono: +49 (0)6251 98 91 640 Directores Generales: Jean Fran\u00e7ois Huertas, Evelyne KlepicRegistro Mercantil Darmstadt HRB 94131 QNEUROPE FRANCE SAS 68 Rue Principale57800 ApuestasFrancia Correo electr\u00f3nico: eu.support@qneurope.comTel\u00e9fono: +49 (0) 6251 98 91 640 Directores Generales: Jean Fran\u00e7ois Huertas, Evelyne KlepicC\u00f3digo SIREN: 894 267 350Importe [&hellip;]\" \/>\n<meta property=\"og:url\" content=\"https:\/\/lifeqode.de\/es\/pie-de-imprenta\/\" \/>\n<meta property=\"og:site_name\" content=\"LIFEQODE\" \/>\n<meta property=\"article:modified_time\" content=\"2026-03-12T13:59:00+00:00\" \/>\n<meta name=\"twitter:card\" content=\"summary_large_image\" \/>\n<script type=\"application\/ld+json\" class=\"yoast-schema-graph\">{\"@context\":\"https:\\\/\\\/schema.org\",\"@graph\":[{\"@type\":\"WebPage\",\"@id\":\"https:\\\/\\\/lifeqode.de\\\/es\\\/pie-de-imprenta\\\/\",\"url\":\"https:\\\/\\\/lifeqode.de\\\/es\\\/pie-de-imprenta\\\/\",\"name\":\"Pie de imprenta - LIFEQODE\",\"isPartOf\":{\"@id\":\"https:\\\/\\\/lifeqode.de\\\/#website\"},\"datePublished\":\"2025-07-14T09:42:56+00:00\",\"dateModified\":\"2026-03-12T13:59:00+00:00\",\"breadcrumb\":{\"@id\":\"https:\\\/\\\/lifeqode.de\\\/es\\\/pie-de-imprenta\\\/#breadcrumb\"},\"inLanguage\":\"es\",\"potentialAction\":[{\"@type\":\"ReadAction\",\"target\":[\"https:\\\/\\\/lifeqode.de\\\/es\\\/pie-de-imprenta\\\/\"]}]},{\"@type\":\"BreadcrumbList\",\"@id\":\"https:\\\/\\\/lifeqode.de\\\/es\\\/pie-de-imprenta\\\/#breadcrumb\",\"itemListElement\":[{\"@type\":\"ListItem\",\"position\":1,\"name\":\"Startseite\",\"item\":\"https:\\\/\\\/lifeqode.de\\\/es\\\/pagina-de-inicio\\\/\"},{\"@type\":\"ListItem\",\"position\":2,\"name\":\"Pie de imprenta\"}]},{\"@type\":\"WebSite\",\"@id\":\"https:\\\/\\\/lifeqode.de\\\/#website\",\"url\":\"https:\\\/\\\/lifeqode.de\\\/\",\"name\":\"LIFEQODE\",\"description\":\"Gib Deinen Zellen was sie brauchen\",\"publisher\":{\"@id\":\"https:\\\/\\\/lifeqode.de\\\/#organization\"},\"potentialAction\":[{\"@type\":\"SearchAction\",\"target\":{\"@type\":\"EntryPoint\",\"urlTemplate\":\"https:\\\/\\\/lifeqode.de\\\/?s={search_term_string}\"},\"query-input\":{\"@type\":\"PropertyValueSpecification\",\"valueRequired\":true,\"valueName\":\"search_term_string\"}}],\"inLanguage\":\"es\"},{\"@type\":\"Organization\",\"@id\":\"https:\\\/\\\/lifeqode.de\\\/#organization\",\"name\":\"LIFEQODE\",\"url\":\"https:\\\/\\\/lifeqode.de\\\/\",\"logo\":{\"@type\":\"ImageObject\",\"inLanguage\":\"es\",\"@id\":\"https:\\\/\\\/lifeqode.de\\\/#\\\/schema\\\/logo\\\/image\\\/\",\"url\":\"https:\\\/\\\/lifeqode.de\\\/wp-content\\\/uploads\\\/2025\\\/07\\\/cropped-lifeqodelogo.webp\",\"contentUrl\":\"https:\\\/\\\/lifeqode.de\\\/wp-content\\\/uploads\\\/2025\\\/07\\\/cropped-lifeqodelogo.webp\",\"width\":221,\"height\":47,\"caption\":\"LIFEQODE\"},\"image\":{\"@id\":\"https:\\\/\\\/lifeqode.de\\\/#\\\/schema\\\/logo\\\/image\\\/\"}}]}<\/script>\n<!-- \/ Yoast SEO plugin. -->","yoast_head_json":{"title":"Pie de imprenta - LIFEQODE","robots":{"index":"index","follow":"follow","max-snippet":"max-snippet:-1","max-image-preview":"max-image-preview:large","max-video-preview":"max-video-preview:-1"},"canonical":"https:\/\/lifeqode.de\/es\/pie-de-imprenta\/","og_locale":"es_ES","og_type":"article","og_title":"Pie de imprenta - LIFEQODE","og_description":"Pie de imprenta Qneurope Alemania GmbH Neuhofstra\u00dfe 9D-64625 BensheimAlemania Correo electr\u00f3nico: eu.suppport@qneurope.comTel\u00e9fono: +49 (0)6251 98 91 640 Directores Generales: Jean Fran\u00e7ois Huertas, Evelyne KlepicRegistro Mercantil Darmstadt HRB 94131 QNEUROPE FRANCE SAS 68 Rue Principale57800 ApuestasFrancia Correo electr\u00f3nico: eu.support@qneurope.comTel\u00e9fono: +49 (0) 6251 98 91 640 Directores Generales: Jean Fran\u00e7ois Huertas, Evelyne KlepicC\u00f3digo SIREN: 894 267 350Importe [&hellip;]","og_url":"https:\/\/lifeqode.de\/es\/pie-de-imprenta\/","og_site_name":"LIFEQODE","article_modified_time":"2026-03-12T13:59:00+00:00","twitter_card":"summary_large_image","schema":{"@context":"https:\/\/schema.org","@graph":[{"@type":"WebPage","@id":"https:\/\/lifeqode.de\/es\/pie-de-imprenta\/","url":"https:\/\/lifeqode.de\/es\/pie-de-imprenta\/","name":"Pie de imprenta - LIFEQODE","isPartOf":{"@id":"https:\/\/lifeqode.de\/#website"},"datePublished":"2025-07-14T09:42:56+00:00","dateModified":"2026-03-12T13:59:00+00:00","breadcrumb":{"@id":"https:\/\/lifeqode.de\/es\/pie-de-imprenta\/#breadcrumb"},"inLanguage":"es","potentialAction":[{"@type":"ReadAction","target":["https:\/\/lifeqode.de\/es\/pie-de-imprenta\/"]}]},{"@type":"BreadcrumbList","@id":"https:\/\/lifeqode.de\/es\/pie-de-imprenta\/#breadcrumb","itemListElement":[{"@type":"ListItem","position":1,"name":"Startseite","item":"https:\/\/lifeqode.de\/es\/pagina-de-inicio\/"},{"@type":"ListItem","position":2,"name":"Pie de imprenta"}]},{"@type":"WebSite","@id":"https:\/\/lifeqode.de\/#website","url":"https:\/\/lifeqode.de\/","name":"LIFEQODE","description":"Gib Deinen Zellen was sie brauchen","publisher":{"@id":"https:\/\/lifeqode.de\/#organization"},"potentialAction":[{"@type":"SearchAction","target":{"@type":"EntryPoint","urlTemplate":"https:\/\/lifeqode.de\/?s={search_term_string}"},"query-input":{"@type":"PropertyValueSpecification","valueRequired":true,"valueName":"search_term_string"}}],"inLanguage":"es"},{"@type":"Organization","@id":"https:\/\/lifeqode.de\/#organization","name":"LIFEQODE","url":"https:\/\/lifeqode.de\/","logo":{"@type":"ImageObject","inLanguage":"es","@id":"https:\/\/lifeqode.de\/#\/schema\/logo\/image\/","url":"https:\/\/lifeqode.de\/wp-content\/uploads\/2025\/07\/cropped-lifeqodelogo.webp","contentUrl":"https:\/\/lifeqode.de\/wp-content\/uploads\/2025\/07\/cropped-lifeqodelogo.webp","width":221,"height":47,"caption":"LIFEQODE"},"image":{"@id":"https:\/\/lifeqode.de\/#\/schema\/logo\/image\/"}}]}},"_links":{"self":[{"href":"https:\/\/lifeqode.de\/es\/wp-json\/wp\/v2\/pages\/1801","targetHints":{"allow":["GET"]}}],"collection":[{"href":"https:\/\/lifeqode.de\/es\/wp-json\/wp\/v2\/pages"}],"about":[{"href":"https:\/\/lifeqode.de\/es\/wp-json\/wp\/v2\/types\/page"}],"author":[{"embeddable":true,"href":"https:\/\/lifeqode.de\/es\/wp-json\/wp\/v2\/users\/1"}],"replies":[{"embeddable":true,"href":"https:\/\/lifeqode.de\/es\/wp-json\/wp\/v2\/comments?post=1801"}],"version-history":[{"count":2,"href":"https:\/\/lifeqode.de\/es\/wp-json\/wp\/v2\/pages\/1801\/revisions"}],"predecessor-version":[{"id":2264,"href":"https:\/\/lifeqode.de\/es\/wp-json\/wp\/v2\/pages\/1801\/revisions\/2264"}],"wp:attachment":[{"href":"https:\/\/lifeqode.de\/es\/wp-json\/wp\/v2\/media?parent=1801"}],"curies":[{"name":"wp","href":"https:\/\/api.w.org\/{rel}","templated":true}]}}