{"id":1806,"date":"2025-07-11T15:11:53","date_gmt":"2025-07-11T13:11:53","guid":{"rendered":"https:\/\/lifeqode.de\/blog\/"},"modified":"2025-07-18T15:24:59","modified_gmt":"2025-07-18T13:24:59","slug":"blog","status":"publish","type":"page","link":"https:\/\/lifeqode.de\/es\/blog\/","title":{"rendered":"Blog"},"content":{"rendered":"\t\t<div data-elementor-type=\"wp-page\" data-elementor-id=\"1806\" class=\"elementor elementor-1806 elementor-21\" data-elementor-post-type=\"page\">\n\t\t\t\t<div class=\"elementor-element elementor-element-88de6f7 e-flex e-con-boxed e-con e-parent\" data-id=\"88de6f7\" data-element_type=\"container\" data-e-type=\"container\" id=\"content\" data-settings=\"{&quot;background_background&quot;:&quot;classic&quot;,&quot;shape_divider_bottom&quot;:&quot;mountains&quot;}\">\n\t\t\t\t\t<div class=\"e-con-inner\">\n\t\t\t\t<div class=\"elementor-shape elementor-shape-bottom\" aria-hidden=\"true\" data-negative=\"false\">\n\t\t\t<svg xmlns=\"http:\/\/www.w3.org\/2000\/svg\" viewBox=\"0 0 1000 100\" preserveAspectRatio=\"none\">\n\t<path class=\"elementor-shape-fill\" opacity=\"0.33\" d=\"M473,67.3c-203.9,88.3-263.1-34-320.3,0C66,119.1,0,59.7,0,59.7V0h1000v59.7 c0,0-62.1,26.1-94.9,29.3c-32.8,3.3-62.8-12.3-75.8-22.1C806,49.6,745.3,8.7,694.9,4.7S492.4,59,473,67.3z\"\/>\n\t<path class=\"elementor-shape-fill\" opacity=\"0.66\" d=\"M734,67.3c-45.5,0-77.2-23.2-129.1-39.1c-28.6-8.7-150.3-10.1-254,39.1 s-91.7-34.4-149.2,0C115.7,118.3,0,39.8,0,39.8V0h1000v36.5c0,0-28.2-18.5-92.1-18.5C810.2,18.1,775.7,67.3,734,67.3z\"\/>\n\t<path class=\"elementor-shape-fill\" d=\"M766.1,28.9c-200-57.5-266,65.5-395.1,19.5C242,1.8,242,5.4,184.8,20.6C128,35.8,132.3,44.9,89.9,52.5C28.6,63.7,0,0,0,0 h1000c0,0-9.9,40.9-83.6,48.1S829.6,47,766.1,28.9z\"\/>\n<\/svg>\t\t<\/div>\n\t\t<div class=\"elementor-element elementor-element-5639e9a e-con-full e-flex e-con e-child\" data-id=\"5639e9a\" data-element_type=\"container\" data-e-type=\"container\">\n\t\t\t\t<div class=\"elementor-element elementor-element-88e78ab elementor-widget__width-inherit animated-fast elementor-widget-tablet__width-initial elementor-invisible elementor-widget elementor-widget-heading\" data-id=\"88e78ab\" data-element_type=\"widget\" data-e-type=\"widget\" data-settings=\"{&quot;_animation&quot;:&quot;fadeIn&quot;,&quot;_animation_tablet&quot;:&quot;none&quot;,&quot;_animation_delay&quot;:200}\" data-widget_type=\"heading.default\">\n\t\t\t\t\t<h1 class=\"elementor-heading-title elementor-size-default\">Bienvenido al blog de LifeQode<\/h1>\t\t\t\t<\/div>\n\t\t\t\t<div class=\"elementor-element elementor-element-b92319d animated-fast elementor-widget__width-initial elementor-widget-tablet__width-initial elementor-invisible elementor-widget elementor-widget-text-editor\" data-id=\"b92319d\" data-element_type=\"widget\" data-e-type=\"widget\" data-settings=\"{&quot;_animation&quot;:&quot;fadeIn&quot;,&quot;_animation_tablet&quot;:&quot;none&quot;,&quot;_animation_delay&quot;:300}\" data-widget_type=\"text-editor.default\">\n\t\t\t\t\t\t\t\t\t<p>En este blog te informamos regularmente sobre nuestros productos e innovaciones.<\/p>\t\t\t\t\t\t\t\t<\/div>\n\t\t\t\t<\/div>\n\t\t\t\t\t<\/div>\n\t\t\t\t<\/div>\n\t\t<div class=\"elementor-element elementor-element-2a4f85c e-flex e-con-boxed e-con e-parent\" data-id=\"2a4f85c\" data-element_type=\"container\" data-e-type=\"container\">\n\t\t\t\t\t<div class=\"e-con-inner\">\n\t\t\t\t<div class=\"elementor-element elementor-element-1937271 elementor-grid-3 elementor-grid-tablet-2 elementor-grid-mobile-1 elementor-posts--thumbnail-top elementor-posts--show-avatar elementor-card-shadow-yes elementor-posts__hover-gradient elementor-widget elementor-widget-posts\" data-id=\"1937271\" data-element_type=\"widget\" data-e-type=\"widget\" data-settings=\"{&quot;cards_row_gap&quot;:{&quot;unit&quot;:&quot;px&quot;,&quot;size&quot;:52,&quot;sizes&quot;:[]},&quot;cards_columns&quot;:&quot;3&quot;,&quot;cards_columns_tablet&quot;:&quot;2&quot;,&quot;cards_columns_mobile&quot;:&quot;1&quot;,&quot;cards_row_gap_tablet&quot;:{&quot;unit&quot;:&quot;px&quot;,&quot;size&quot;:&quot;&quot;,&quot;sizes&quot;:[]},&quot;cards_row_gap_mobile&quot;:{&quot;unit&quot;:&quot;px&quot;,&quot;size&quot;:&quot;&quot;,&quot;sizes&quot;:[]}}\" data-widget_type=\"posts.cards\">\n\t\t\t\t<div class=\"elementor-widget-container\">\n\t\t\t\t\t\t\t<div class=\"elementor-posts-container elementor-posts elementor-posts--skin-cards elementor-grid\" role=\"list\">\n\t\t\t\t<article class=\"elementor-post elementor-grid-item post-1951 post type-post status-publish format-standard has-post-thumbnail hentry category-blog-es\" role=\"listitem\">\n\t\t\t<div class=\"elementor-post__card\">\n\t\t\t\t<a class=\"elementor-post__thumbnail__link\" href=\"https:\/\/lifeqode.de\/es\/como-pueden-ayudar-los-empresarios-a-combatir-los-efectos-negativos-del-cambio-climatico-sobre-la-salud\/\" tabindex=\"-1\" ><div class=\"elementor-post__thumbnail\"><img fetchpriority=\"high\" decoding=\"async\" width=\"860\" height=\"484\" src=\"https:\/\/lifeqode.de\/wp-content\/uploads\/2025\/07\/qnet-products-climate-change-health-header-860x484-1.webp\" class=\"attachment-full size-full wp-image-1768\" alt=\"Eine junge Frau beim Sport mit einer kleinen Hantel in der Hand\" srcset=\"https:\/\/lifeqode.de\/wp-content\/uploads\/2025\/07\/qnet-products-climate-change-health-header-860x484-1.webp 860w, https:\/\/lifeqode.de\/wp-content\/uploads\/2025\/07\/qnet-products-climate-change-health-header-860x484-1-300x169.webp 300w, https:\/\/lifeqode.de\/wp-content\/uploads\/2025\/07\/qnet-products-climate-change-health-header-860x484-1-768x432.webp 768w\" sizes=\"(max-width: 860px) 100vw, 860px\" \/><\/div><\/a>\n\t\t\t\t<div class=\"elementor-post__avatar\">\n\t\t\t\t\t<\/div>\n\t\t\t\t<div class=\"elementor-post__text\">\n\t\t\t\t<h2 class=\"elementor-post__title\">\n\t\t\t<a href=\"https:\/\/lifeqode.de\/es\/como-pueden-ayudar-los-empresarios-a-combatir-los-efectos-negativos-del-cambio-climatico-sobre-la-salud\/\" >\n\t\t\t\tC\u00f3mo pueden ayudar los empresarios a combatir los efectos negativos del cambio clim\u00e1tico sobre la salud\t\t\t<\/a>\n\t\t<\/h2>\n\t\t\n\t\t<a class=\"elementor-post__read-more\" href=\"https:\/\/lifeqode.de\/es\/como-pueden-ayudar-los-empresarios-a-combatir-los-efectos-negativos-del-cambio-climatico-sobre-la-salud\/\" aria-label=\"M\u00e1s informaci\u00f3n sobre C\u00f3mo pueden ayudar los empresarios a combatir los efectos negativos del cambio clim\u00e1tico sobre la salud\" tabindex=\"-1\" >\n\t\t\tLeer m\u00e1s \"\t\t<\/a>\n\n\t\t\t\t<\/div>\n\t\t\t\t\t<\/div>\n\t\t<\/article>\n\t\t\t\t<article class=\"elementor-post elementor-grid-item post-1933 post type-post status-publish format-standard has-post-thumbnail hentry category-blog-es\" role=\"listitem\">\n\t\t\t<div class=\"elementor-post__card\">\n\t\t\t\t<a class=\"elementor-post__thumbnail__link\" href=\"https:\/\/lifeqode.de\/es\/suplementos-dieteticos-como-separar-la-realidad-de-la-ficcion-y-elegir-los-productos-adecuados-y-de-alta-calidad\/\" tabindex=\"-1\" ><div class=\"elementor-post__thumbnail\"><img decoding=\"async\" width=\"860\" height=\"484\" src=\"https:\/\/lifeqode.de\/wp-content\/uploads\/2025\/07\/EDG3-Plus-Health-Inside-Out-Header-860x484-1.webp\" class=\"attachment-full size-full wp-image-1764\" alt=\"Ein Tisch mit dem Produkt EDG3 Plus darauf\" srcset=\"https:\/\/lifeqode.de\/wp-content\/uploads\/2025\/07\/EDG3-Plus-Health-Inside-Out-Header-860x484-1.webp 860w, https:\/\/lifeqode.de\/wp-content\/uploads\/2025\/07\/EDG3-Plus-Health-Inside-Out-Header-860x484-1-300x169.webp 300w, https:\/\/lifeqode.de\/wp-content\/uploads\/2025\/07\/EDG3-Plus-Health-Inside-Out-Header-860x484-1-768x432.webp 768w\" sizes=\"(max-width: 860px) 100vw, 860px\" \/><\/div><\/a>\n\t\t\t\t<div class=\"elementor-post__avatar\">\n\t\t\t\t\t<\/div>\n\t\t\t\t<div class=\"elementor-post__text\">\n\t\t\t\t<h2 class=\"elementor-post__title\">\n\t\t\t<a href=\"https:\/\/lifeqode.de\/es\/suplementos-dieteticos-como-separar-la-realidad-de-la-ficcion-y-elegir-los-productos-adecuados-y-de-alta-calidad\/\" >\n\t\t\t\tSuplementos diet\u00e9ticos: c\u00f3mo separar la realidad de la ficci\u00f3n y elegir los productos adecuados y de alta calidad\t\t\t<\/a>\n\t\t<\/h2>\n\t\t\n\t\t<a class=\"elementor-post__read-more\" href=\"https:\/\/lifeqode.de\/es\/suplementos-dieteticos-como-separar-la-realidad-de-la-ficcion-y-elegir-los-productos-adecuados-y-de-alta-calidad\/\" aria-label=\"M\u00e1s informaci\u00f3n sobre Suplementos diet\u00e9ticos: c\u00f3mo separar la realidad de la ficci\u00f3n y elegir los productos adecuados y de alta calidad\" tabindex=\"-1\" >\n\t\t\tLeer m\u00e1s \"\t\t<\/a>\n\n\t\t\t\t<\/div>\n\t\t\t\t\t<\/div>\n\t\t<\/article>\n\t\t\t\t<article class=\"elementor-post elementor-grid-item post-1941 post type-post status-publish format-standard has-post-thumbnail hentry category-blog-es\" role=\"listitem\">\n\t\t\t<div class=\"elementor-post__card\">\n\t\t\t\t<a class=\"elementor-post__thumbnail__link\" href=\"https:\/\/lifeqode.de\/es\/glutation-para-la-inmunidad-5-cosas-que-debes-saber\/\" tabindex=\"-1\" ><div class=\"elementor-post__thumbnail\"><img decoding=\"async\" width=\"860\" height=\"484\" src=\"https:\/\/lifeqode.de\/wp-content\/uploads\/2025\/07\/EDG3-Plus-Girls-860x484-1.webp\" class=\"attachment-full size-full wp-image-1752\" alt=\"Zwei junge Frauen halten jeweils ein Produkt EDG3 Plus in den H\u00e4nden\" srcset=\"https:\/\/lifeqode.de\/wp-content\/uploads\/2025\/07\/EDG3-Plus-Girls-860x484-1.webp 860w, https:\/\/lifeqode.de\/wp-content\/uploads\/2025\/07\/EDG3-Plus-Girls-860x484-1-300x169.webp 300w, https:\/\/lifeqode.de\/wp-content\/uploads\/2025\/07\/EDG3-Plus-Girls-860x484-1-768x432.webp 768w\" sizes=\"(max-width: 860px) 100vw, 860px\" \/><\/div><\/a>\n\t\t\t\t<div class=\"elementor-post__avatar\">\n\t\t\t\t\t<\/div>\n\t\t\t\t<div class=\"elementor-post__text\">\n\t\t\t\t<h2 class=\"elementor-post__title\">\n\t\t\t<a href=\"https:\/\/lifeqode.de\/es\/glutation-para-la-inmunidad-5-cosas-que-debes-saber\/\" >\n\t\t\t\tGlutati\u00f3n para la inmunidad: 5 cosas que debes saber\t\t\t<\/a>\n\t\t<\/h2>\n\t\t\n\t\t<a class=\"elementor-post__read-more\" href=\"https:\/\/lifeqode.de\/es\/glutation-para-la-inmunidad-5-cosas-que-debes-saber\/\" aria-label=\"M\u00e1s informaci\u00f3n sobre Glutati\u00f3n para la inmunidad: 5 cosas que debes saber\" tabindex=\"-1\" >\n\t\t\tLeer m\u00e1s \"\t\t<\/a>\n\n\t\t\t\t<\/div>\n\t\t\t\t\t<\/div>\n\t\t<\/article>\n\t\t\t\t<article class=\"elementor-post elementor-grid-item post-1957 post type-post status-publish format-standard has-post-thumbnail hentry category-blog-es\" role=\"listitem\">\n\t\t\t<div class=\"elementor-post__card\">\n\t\t\t\t<a class=\"elementor-post__thumbnail__link\" href=\"https:\/\/lifeqode.de\/es\/tu-guia-definitiva-para-potenciar-la-salud-del-corazon-y-la-inmunidad-con-extracto-de-hoja-de-olivo-ole\/\" tabindex=\"-1\" ><div class=\"elementor-post__thumbnail\"><img loading=\"lazy\" decoding=\"async\" width=\"860\" height=\"484\" src=\"https:\/\/lifeqode.de\/wp-content\/uploads\/2025\/07\/ole-leaf-extract-breakfast-860x484-1.webp\" class=\"attachment-full size-full wp-image-1732\" alt=\"Eine Frau isst mit einem L\u00f6ffel in der Hand\" srcset=\"https:\/\/lifeqode.de\/wp-content\/uploads\/2025\/07\/ole-leaf-extract-breakfast-860x484-1.webp 860w, https:\/\/lifeqode.de\/wp-content\/uploads\/2025\/07\/ole-leaf-extract-breakfast-860x484-1-300x169.webp 300w, https:\/\/lifeqode.de\/wp-content\/uploads\/2025\/07\/ole-leaf-extract-breakfast-860x484-1-768x432.webp 768w\" sizes=\"(max-width: 860px) 100vw, 860px\" \/><\/div><\/a>\n\t\t\t\t<div class=\"elementor-post__avatar\">\n\t\t\t\t\t<\/div>\n\t\t\t\t<div class=\"elementor-post__text\">\n\t\t\t\t<h2 class=\"elementor-post__title\">\n\t\t\t<a href=\"https:\/\/lifeqode.de\/es\/tu-guia-definitiva-para-potenciar-la-salud-del-corazon-y-la-inmunidad-con-extracto-de-hoja-de-olivo-ole\/\" >\n\t\t\t\tTu gu\u00eda definitiva para potenciar la salud del coraz\u00f3n y la inmunidad con extracto de hoja de olivo Ol\u00e9\t\t\t<\/a>\n\t\t<\/h2>\n\t\t\n\t\t<a class=\"elementor-post__read-more\" href=\"https:\/\/lifeqode.de\/es\/tu-guia-definitiva-para-potenciar-la-salud-del-corazon-y-la-inmunidad-con-extracto-de-hoja-de-olivo-ole\/\" aria-label=\"M\u00e1s informaci\u00f3n sobre Tu gu\u00eda definitiva para potenciar la salud del coraz\u00f3n y la inmunidad con extracto de hoja de olivo Ol\u00e9\" tabindex=\"-1\" >\n\t\t\tLeer m\u00e1s \"\t\t<\/a>\n\n\t\t\t\t<\/div>\n\t\t\t\t\t<\/div>\n\t\t<\/article>\n\t\t\t\t<\/div>\n\t\t\n\t\t\t\t\t\t<\/div>\n\t\t\t\t<\/div>\n\t\t\t\t\t<\/div>\n\t\t\t\t<\/div>\n\t\t\t\t<\/div>\n\t\t","protected":false},"excerpt":{"rendered":"<p>Bienvenido al blog de LifeQode En este blog te informamos regularmente sobre nuestros productos e innovaciones.<\/p>\n","protected":false},"author":1,"featured_media":1628,"parent":0,"menu_order":0,"comment_status":"closed","ping_status":"closed","template":"elementor_header_footer","meta":{"footnotes":""},"class_list":["post-1806","page","type-page","status-publish","has-post-thumbnail","hentry"],"yoast_head":"<!-- This site is optimized with the Yoast SEO plugin v27.5 - https:\/\/yoast.com\/product\/yoast-seo-wordpress\/ -->\n<title>Blog - LIFEQODE<\/title>\n<meta name=\"robots\" content=\"index, follow, max-snippet:-1, max-image-preview:large, max-video-preview:-1\" \/>\n<link rel=\"canonical\" href=\"https:\/\/lifeqode.de\/es\/blog\/\" \/>\n<meta property=\"og:locale\" content=\"es_ES\" \/>\n<meta property=\"og:type\" content=\"article\" \/>\n<meta property=\"og:title\" content=\"Blog - LIFEQODE\" \/>\n<meta property=\"og:description\" content=\"Bienvenido al blog de LifeQode En este blog te informamos regularmente sobre nuestros productos e innovaciones.\" \/>\n<meta property=\"og:url\" content=\"https:\/\/lifeqode.de\/es\/blog\/\" \/>\n<meta property=\"og:site_name\" content=\"LIFEQODE\" \/>\n<meta property=\"article:modified_time\" content=\"2025-07-18T13:24:59+00:00\" \/>\n<meta name=\"twitter:card\" content=\"summary_large_image\" \/>\n<script type=\"application\/ld+json\" class=\"yoast-schema-graph\">{\"@context\":\"https:\\\/\\\/schema.org\",\"@graph\":[{\"@type\":\"WebPage\",\"@id\":\"https:\\\/\\\/lifeqode.de\\\/es\\\/blog\\\/\",\"url\":\"https:\\\/\\\/lifeqode.de\\\/es\\\/blog\\\/\",\"name\":\"Blog - LIFEQODE\",\"isPartOf\":{\"@id\":\"https:\\\/\\\/lifeqode.de\\\/#website\"},\"primaryImageOfPage\":{\"@id\":\"https:\\\/\\\/lifeqode.de\\\/es\\\/blog\\\/#primaryimage\"},\"image\":{\"@id\":\"https:\\\/\\\/lifeqode.de\\\/es\\\/blog\\\/#primaryimage\"},\"thumbnailUrl\":\"https:\\\/\\\/lifeqode.de\\\/wp-content\\\/uploads\\\/2025\\\/07\\\/cropped-lifeqodefav.png\",\"datePublished\":\"2025-07-11T13:11:53+00:00\",\"dateModified\":\"2025-07-18T13:24:59+00:00\",\"breadcrumb\":{\"@id\":\"https:\\\/\\\/lifeqode.de\\\/es\\\/blog\\\/#breadcrumb\"},\"inLanguage\":\"es\",\"potentialAction\":[{\"@type\":\"ReadAction\",\"target\":[\"https:\\\/\\\/lifeqode.de\\\/es\\\/blog\\\/\"]}]},{\"@type\":\"ImageObject\",\"inLanguage\":\"es\",\"@id\":\"https:\\\/\\\/lifeqode.de\\\/es\\\/blog\\\/#primaryimage\",\"url\":\"https:\\\/\\\/lifeqode.de\\\/wp-content\\\/uploads\\\/2025\\\/07\\\/cropped-lifeqodefav.png\",\"contentUrl\":\"https:\\\/\\\/lifeqode.de\\\/wp-content\\\/uploads\\\/2025\\\/07\\\/cropped-lifeqodefav.png\",\"width\":512,\"height\":512,\"caption\":\"LifeQode Logo Icon\"},{\"@type\":\"BreadcrumbList\",\"@id\":\"https:\\\/\\\/lifeqode.de\\\/es\\\/blog\\\/#breadcrumb\",\"itemListElement\":[{\"@type\":\"ListItem\",\"position\":1,\"name\":\"Startseite\",\"item\":\"https:\\\/\\\/lifeqode.de\\\/es\\\/pagina-de-inicio\\\/\"},{\"@type\":\"ListItem\",\"position\":2,\"name\":\"Blog\"}]},{\"@type\":\"WebSite\",\"@id\":\"https:\\\/\\\/lifeqode.de\\\/#website\",\"url\":\"https:\\\/\\\/lifeqode.de\\\/\",\"name\":\"LIFEQODE\",\"description\":\"Gib Deinen Zellen was sie brauchen\",\"publisher\":{\"@id\":\"https:\\\/\\\/lifeqode.de\\\/#organization\"},\"potentialAction\":[{\"@type\":\"SearchAction\",\"target\":{\"@type\":\"EntryPoint\",\"urlTemplate\":\"https:\\\/\\\/lifeqode.de\\\/?s={search_term_string}\"},\"query-input\":{\"@type\":\"PropertyValueSpecification\",\"valueRequired\":true,\"valueName\":\"search_term_string\"}}],\"inLanguage\":\"es\"},{\"@type\":\"Organization\",\"@id\":\"https:\\\/\\\/lifeqode.de\\\/#organization\",\"name\":\"LIFEQODE\",\"url\":\"https:\\\/\\\/lifeqode.de\\\/\",\"logo\":{\"@type\":\"ImageObject\",\"inLanguage\":\"es\",\"@id\":\"https:\\\/\\\/lifeqode.de\\\/#\\\/schema\\\/logo\\\/image\\\/\",\"url\":\"https:\\\/\\\/lifeqode.de\\\/wp-content\\\/uploads\\\/2025\\\/07\\\/cropped-lifeqodelogo.webp\",\"contentUrl\":\"https:\\\/\\\/lifeqode.de\\\/wp-content\\\/uploads\\\/2025\\\/07\\\/cropped-lifeqodelogo.webp\",\"width\":221,\"height\":47,\"caption\":\"LIFEQODE\"},\"image\":{\"@id\":\"https:\\\/\\\/lifeqode.de\\\/#\\\/schema\\\/logo\\\/image\\\/\"}}]}<\/script>\n<!-- \/ Yoast SEO plugin. -->","yoast_head_json":{"title":"Blog - LIFEQODE","robots":{"index":"index","follow":"follow","max-snippet":"max-snippet:-1","max-image-preview":"max-image-preview:large","max-video-preview":"max-video-preview:-1"},"canonical":"https:\/\/lifeqode.de\/es\/blog\/","og_locale":"es_ES","og_type":"article","og_title":"Blog - LIFEQODE","og_description":"Bienvenido al blog de LifeQode En este blog te informamos regularmente sobre nuestros productos e innovaciones.","og_url":"https:\/\/lifeqode.de\/es\/blog\/","og_site_name":"LIFEQODE","article_modified_time":"2025-07-18T13:24:59+00:00","twitter_card":"summary_large_image","schema":{"@context":"https:\/\/schema.org","@graph":[{"@type":"WebPage","@id":"https:\/\/lifeqode.de\/es\/blog\/","url":"https:\/\/lifeqode.de\/es\/blog\/","name":"Blog - LIFEQODE","isPartOf":{"@id":"https:\/\/lifeqode.de\/#website"},"primaryImageOfPage":{"@id":"https:\/\/lifeqode.de\/es\/blog\/#primaryimage"},"image":{"@id":"https:\/\/lifeqode.de\/es\/blog\/#primaryimage"},"thumbnailUrl":"https:\/\/lifeqode.de\/wp-content\/uploads\/2025\/07\/cropped-lifeqodefav.png","datePublished":"2025-07-11T13:11:53+00:00","dateModified":"2025-07-18T13:24:59+00:00","breadcrumb":{"@id":"https:\/\/lifeqode.de\/es\/blog\/#breadcrumb"},"inLanguage":"es","potentialAction":[{"@type":"ReadAction","target":["https:\/\/lifeqode.de\/es\/blog\/"]}]},{"@type":"ImageObject","inLanguage":"es","@id":"https:\/\/lifeqode.de\/es\/blog\/#primaryimage","url":"https:\/\/lifeqode.de\/wp-content\/uploads\/2025\/07\/cropped-lifeqodefav.png","contentUrl":"https:\/\/lifeqode.de\/wp-content\/uploads\/2025\/07\/cropped-lifeqodefav.png","width":512,"height":512,"caption":"LifeQode Logo Icon"},{"@type":"BreadcrumbList","@id":"https:\/\/lifeqode.de\/es\/blog\/#breadcrumb","itemListElement":[{"@type":"ListItem","position":1,"name":"Startseite","item":"https:\/\/lifeqode.de\/es\/pagina-de-inicio\/"},{"@type":"ListItem","position":2,"name":"Blog"}]},{"@type":"WebSite","@id":"https:\/\/lifeqode.de\/#website","url":"https:\/\/lifeqode.de\/","name":"LIFEQODE","description":"Gib Deinen Zellen was sie brauchen","publisher":{"@id":"https:\/\/lifeqode.de\/#organization"},"potentialAction":[{"@type":"SearchAction","target":{"@type":"EntryPoint","urlTemplate":"https:\/\/lifeqode.de\/?s={search_term_string}"},"query-input":{"@type":"PropertyValueSpecification","valueRequired":true,"valueName":"search_term_string"}}],"inLanguage":"es"},{"@type":"Organization","@id":"https:\/\/lifeqode.de\/#organization","name":"LIFEQODE","url":"https:\/\/lifeqode.de\/","logo":{"@type":"ImageObject","inLanguage":"es","@id":"https:\/\/lifeqode.de\/#\/schema\/logo\/image\/","url":"https:\/\/lifeqode.de\/wp-content\/uploads\/2025\/07\/cropped-lifeqodelogo.webp","contentUrl":"https:\/\/lifeqode.de\/wp-content\/uploads\/2025\/07\/cropped-lifeqodelogo.webp","width":221,"height":47,"caption":"LIFEQODE"},"image":{"@id":"https:\/\/lifeqode.de\/#\/schema\/logo\/image\/"}}]}},"_links":{"self":[{"href":"https:\/\/lifeqode.de\/es\/wp-json\/wp\/v2\/pages\/1806","targetHints":{"allow":["GET"]}}],"collection":[{"href":"https:\/\/lifeqode.de\/es\/wp-json\/wp\/v2\/pages"}],"about":[{"href":"https:\/\/lifeqode.de\/es\/wp-json\/wp\/v2\/types\/page"}],"author":[{"embeddable":true,"href":"https:\/\/lifeqode.de\/es\/wp-json\/wp\/v2\/users\/1"}],"replies":[{"embeddable":true,"href":"https:\/\/lifeqode.de\/es\/wp-json\/wp\/v2\/comments?post=1806"}],"version-history":[{"count":2,"href":"https:\/\/lifeqode.de\/es\/wp-json\/wp\/v2\/pages\/1806\/revisions"}],"predecessor-version":[{"id":2010,"href":"https:\/\/lifeqode.de\/es\/wp-json\/wp\/v2\/pages\/1806\/revisions\/2010"}],"wp:featuredmedia":[{"embeddable":true,"href":"https:\/\/lifeqode.de\/es\/wp-json\/wp\/v2\/media\/1628"}],"wp:attachment":[{"href":"https:\/\/lifeqode.de\/es\/wp-json\/wp\/v2\/media?parent=1806"}],"curies":[{"name":"wp","href":"https:\/\/api.w.org\/{rel}","templated":true}]}}