{"id":1823,"date":"2025-07-11T15:11:53","date_gmt":"2025-07-11T13:11:53","guid":{"rendered":"https:\/\/lifeqode.de\/blog\/"},"modified":"2025-07-18T15:24:59","modified_gmt":"2025-07-18T13:24:59","slug":"blog","status":"publish","type":"page","link":"https:\/\/lifeqode.de\/fr\/blog\/","title":{"rendered":"Blog"},"content":{"rendered":"\t\t<div data-elementor-type=\"wp-page\" data-elementor-id=\"1823\" class=\"elementor elementor-1823 elementor-21\" data-elementor-post-type=\"page\">\n\t\t\t\t<div class=\"elementor-element elementor-element-88de6f7 e-flex e-con-boxed e-con e-parent\" data-id=\"88de6f7\" data-element_type=\"container\" data-e-type=\"container\" id=\"content\" data-settings=\"{&quot;background_background&quot;:&quot;classic&quot;,&quot;shape_divider_bottom&quot;:&quot;mountains&quot;}\">\n\t\t\t\t\t<div class=\"e-con-inner\">\n\t\t\t\t<div class=\"elementor-shape elementor-shape-bottom\" aria-hidden=\"true\" data-negative=\"false\">\n\t\t\t<svg xmlns=\"http:\/\/www.w3.org\/2000\/svg\" viewBox=\"0 0 1000 100\" preserveAspectRatio=\"none\">\n\t<path class=\"elementor-shape-fill\" opacity=\"0.33\" d=\"M473,67.3c-203.9,88.3-263.1-34-320.3,0C66,119.1,0,59.7,0,59.7V0h1000v59.7 c0,0-62.1,26.1-94.9,29.3c-32.8,3.3-62.8-12.3-75.8-22.1C806,49.6,745.3,8.7,694.9,4.7S492.4,59,473,67.3z\"\/>\n\t<path class=\"elementor-shape-fill\" opacity=\"0.66\" d=\"M734,67.3c-45.5,0-77.2-23.2-129.1-39.1c-28.6-8.7-150.3-10.1-254,39.1 s-91.7-34.4-149.2,0C115.7,118.3,0,39.8,0,39.8V0h1000v36.5c0,0-28.2-18.5-92.1-18.5C810.2,18.1,775.7,67.3,734,67.3z\"\/>\n\t<path class=\"elementor-shape-fill\" d=\"M766.1,28.9c-200-57.5-266,65.5-395.1,19.5C242,1.8,242,5.4,184.8,20.6C128,35.8,132.3,44.9,89.9,52.5C28.6,63.7,0,0,0,0 h1000c0,0-9.9,40.9-83.6,48.1S829.6,47,766.1,28.9z\"\/>\n<\/svg>\t\t<\/div>\n\t\t<div class=\"elementor-element elementor-element-5639e9a e-con-full e-flex e-con e-child\" data-id=\"5639e9a\" data-element_type=\"container\" data-e-type=\"container\">\n\t\t\t\t<div class=\"elementor-element elementor-element-88e78ab elementor-widget__width-inherit animated-fast elementor-widget-tablet__width-initial elementor-invisible elementor-widget elementor-widget-heading\" data-id=\"88e78ab\" data-element_type=\"widget\" data-e-type=\"widget\" data-settings=\"{&quot;_animation&quot;:&quot;fadeIn&quot;,&quot;_animation_tablet&quot;:&quot;none&quot;,&quot;_animation_delay&quot;:200}\" data-widget_type=\"heading.default\">\n\t\t\t\t\t<h1 class=\"elementor-heading-title elementor-size-default\">Bienvenue sur le blog LifeQode<\/h1>\t\t\t\t<\/div>\n\t\t\t\t<div class=\"elementor-element elementor-element-b92319d animated-fast elementor-widget__width-initial elementor-widget-tablet__width-initial elementor-invisible elementor-widget elementor-widget-text-editor\" data-id=\"b92319d\" data-element_type=\"widget\" data-e-type=\"widget\" data-settings=\"{&quot;_animation&quot;:&quot;fadeIn&quot;,&quot;_animation_tablet&quot;:&quot;none&quot;,&quot;_animation_delay&quot;:300}\" data-widget_type=\"text-editor.default\">\n\t\t\t\t\t\t\t\t\t<p>Dans ce blog, nous vous informons r\u00e9guli\u00e8rement sur nos produits et nos nouveaut\u00e9s.<\/p>\t\t\t\t\t\t\t\t<\/div>\n\t\t\t\t<\/div>\n\t\t\t\t\t<\/div>\n\t\t\t\t<\/div>\n\t\t<div class=\"elementor-element elementor-element-2a4f85c e-flex e-con-boxed e-con e-parent\" data-id=\"2a4f85c\" data-element_type=\"container\" data-e-type=\"container\">\n\t\t\t\t\t<div class=\"e-con-inner\">\n\t\t\t\t<div class=\"elementor-element elementor-element-1937271 elementor-grid-3 elementor-grid-tablet-2 elementor-grid-mobile-1 elementor-posts--thumbnail-top elementor-posts--show-avatar elementor-card-shadow-yes elementor-posts__hover-gradient elementor-widget elementor-widget-posts\" data-id=\"1937271\" data-element_type=\"widget\" data-e-type=\"widget\" data-settings=\"{&quot;cards_row_gap&quot;:{&quot;unit&quot;:&quot;px&quot;,&quot;size&quot;:52,&quot;sizes&quot;:[]},&quot;cards_columns&quot;:&quot;3&quot;,&quot;cards_columns_tablet&quot;:&quot;2&quot;,&quot;cards_columns_mobile&quot;:&quot;1&quot;,&quot;cards_row_gap_tablet&quot;:{&quot;unit&quot;:&quot;px&quot;,&quot;size&quot;:&quot;&quot;,&quot;sizes&quot;:[]},&quot;cards_row_gap_mobile&quot;:{&quot;unit&quot;:&quot;px&quot;,&quot;size&quot;:&quot;&quot;,&quot;sizes&quot;:[]}}\" data-widget_type=\"posts.cards\">\n\t\t\t\t<div class=\"elementor-widget-container\">\n\t\t\t\t\t\t\t<div class=\"elementor-posts-container elementor-posts elementor-posts--skin-cards elementor-grid\" role=\"list\">\n\t\t\t\t<article class=\"elementor-post elementor-grid-item post-1947 post type-post status-publish format-standard has-post-thumbnail hentry category-blog-fr\" role=\"listitem\">\n\t\t\t<div class=\"elementor-post__card\">\n\t\t\t\t<a class=\"elementor-post__thumbnail__link\" href=\"https:\/\/lifeqode.de\/fr\/comment-les-entrepreneurs-peuvent-ils-contribuer-a-lutter-contre-les-effets-negatifs-du-changement-climatique-sur-la-sante\/\" tabindex=\"-1\" ><div class=\"elementor-post__thumbnail\"><img fetchpriority=\"high\" decoding=\"async\" width=\"860\" height=\"484\" src=\"https:\/\/lifeqode.de\/wp-content\/uploads\/2025\/07\/qnet-products-climate-change-health-header-860x484-1.webp\" class=\"attachment-full size-full wp-image-1766\" alt=\"Eine junge Frau beim Sport mit einer kleinen Hantel in der Hand\" srcset=\"https:\/\/lifeqode.de\/wp-content\/uploads\/2025\/07\/qnet-products-climate-change-health-header-860x484-1.webp 860w, https:\/\/lifeqode.de\/wp-content\/uploads\/2025\/07\/qnet-products-climate-change-health-header-860x484-1-300x169.webp 300w, https:\/\/lifeqode.de\/wp-content\/uploads\/2025\/07\/qnet-products-climate-change-health-header-860x484-1-768x432.webp 768w\" sizes=\"(max-width: 860px) 100vw, 860px\" \/><\/div><\/a>\n\t\t\t\t<div class=\"elementor-post__avatar\">\n\t\t\t\t\t<\/div>\n\t\t\t\t<div class=\"elementor-post__text\">\n\t\t\t\t<h2 class=\"elementor-post__title\">\n\t\t\t<a href=\"https:\/\/lifeqode.de\/fr\/comment-les-entrepreneurs-peuvent-ils-contribuer-a-lutter-contre-les-effets-negatifs-du-changement-climatique-sur-la-sante\/\" >\n\t\t\t\tComment les entrepreneurs peuvent-ils contribuer \u00e0 lutter contre les effets n\u00e9gatifs du changement climatique sur la sant\u00e9 ?\t\t\t<\/a>\n\t\t<\/h2>\n\t\t\n\t\t<a class=\"elementor-post__read-more\" href=\"https:\/\/lifeqode.de\/fr\/comment-les-entrepreneurs-peuvent-ils-contribuer-a-lutter-contre-les-effets-negatifs-du-changement-climatique-sur-la-sante\/\" aria-label=\"En savoir plus sur Comment les entrepreneurs peuvent-ils contribuer \u00e0 lutter contre les effets n\u00e9gatifs du changement climatique sur la sant\u00e9 ?\" tabindex=\"-1\" >\n\t\t\tLire la suite \"\t\t<\/a>\n\n\t\t\t\t<\/div>\n\t\t\t\t\t<\/div>\n\t\t<\/article>\n\t\t\t\t<article class=\"elementor-post elementor-grid-item post-1937 post type-post status-publish format-standard has-post-thumbnail hentry category-blog-fr\" role=\"listitem\">\n\t\t\t<div class=\"elementor-post__card\">\n\t\t\t\t<a class=\"elementor-post__thumbnail__link\" href=\"https:\/\/lifeqode.de\/fr\/complements-alimentaires-comment-separer-les-faits-de-la-fiction-et-choisir-les-bons-produits-de-haute-qualite\/\" tabindex=\"-1\" ><div class=\"elementor-post__thumbnail\"><img decoding=\"async\" width=\"860\" height=\"484\" src=\"https:\/\/lifeqode.de\/wp-content\/uploads\/2025\/07\/EDG3-Plus-Health-Inside-Out-Header-860x484-1.webp\" class=\"attachment-full size-full wp-image-1762\" alt=\"Ein Tisch mit dem Produkt EDG3 Plus darauf\" srcset=\"https:\/\/lifeqode.de\/wp-content\/uploads\/2025\/07\/EDG3-Plus-Health-Inside-Out-Header-860x484-1.webp 860w, https:\/\/lifeqode.de\/wp-content\/uploads\/2025\/07\/EDG3-Plus-Health-Inside-Out-Header-860x484-1-300x169.webp 300w, https:\/\/lifeqode.de\/wp-content\/uploads\/2025\/07\/EDG3-Plus-Health-Inside-Out-Header-860x484-1-768x432.webp 768w\" sizes=\"(max-width: 860px) 100vw, 860px\" \/><\/div><\/a>\n\t\t\t\t<div class=\"elementor-post__avatar\">\n\t\t\t\t\t<\/div>\n\t\t\t\t<div class=\"elementor-post__text\">\n\t\t\t\t<h2 class=\"elementor-post__title\">\n\t\t\t<a href=\"https:\/\/lifeqode.de\/fr\/complements-alimentaires-comment-separer-les-faits-de-la-fiction-et-choisir-les-bons-produits-de-haute-qualite\/\" >\n\t\t\t\tCompl\u00e9ments alimentaires : comment s\u00e9parer les faits de la fiction et choisir les bons produits de haute qualit\u00e9\t\t\t<\/a>\n\t\t<\/h2>\n\t\t\n\t\t<a class=\"elementor-post__read-more\" href=\"https:\/\/lifeqode.de\/fr\/complements-alimentaires-comment-separer-les-faits-de-la-fiction-et-choisir-les-bons-produits-de-haute-qualite\/\" aria-label=\"En savoir plus sur Compl\u00e9ments alimentaires : comment s\u00e9parer les faits de la fiction et choisir les bons produits de haute qualit\u00e9\" tabindex=\"-1\" >\n\t\t\tLire la suite \"\t\t<\/a>\n\n\t\t\t\t<\/div>\n\t\t\t\t\t<\/div>\n\t\t<\/article>\n\t\t\t\t<article class=\"elementor-post elementor-grid-item post-1942 post type-post status-publish format-standard has-post-thumbnail hentry category-blog-fr\" role=\"listitem\">\n\t\t\t<div class=\"elementor-post__card\">\n\t\t\t\t<a class=\"elementor-post__thumbnail__link\" href=\"https:\/\/lifeqode.de\/fr\/le-glutathion-pour-limmunite-5-choses-a-savoir\/\" tabindex=\"-1\" ><div class=\"elementor-post__thumbnail\"><img decoding=\"async\" width=\"860\" height=\"484\" src=\"https:\/\/lifeqode.de\/wp-content\/uploads\/2025\/07\/EDG3-Plus-Girls-860x484-1.webp\" class=\"attachment-full size-full wp-image-1750\" alt=\"Zwei junge Frauen halten jeweils ein Produkt EDG3 Plus in den H\u00e4nden\" srcset=\"https:\/\/lifeqode.de\/wp-content\/uploads\/2025\/07\/EDG3-Plus-Girls-860x484-1.webp 860w, https:\/\/lifeqode.de\/wp-content\/uploads\/2025\/07\/EDG3-Plus-Girls-860x484-1-300x169.webp 300w, https:\/\/lifeqode.de\/wp-content\/uploads\/2025\/07\/EDG3-Plus-Girls-860x484-1-768x432.webp 768w\" sizes=\"(max-width: 860px) 100vw, 860px\" \/><\/div><\/a>\n\t\t\t\t<div class=\"elementor-post__avatar\">\n\t\t\t\t\t<\/div>\n\t\t\t\t<div class=\"elementor-post__text\">\n\t\t\t\t<h2 class=\"elementor-post__title\">\n\t\t\t<a href=\"https:\/\/lifeqode.de\/fr\/le-glutathion-pour-limmunite-5-choses-a-savoir\/\" >\n\t\t\t\tLe glutathion pour l&rsquo;immunit\u00e9 : 5 choses \u00e0 savoir\t\t\t<\/a>\n\t\t<\/h2>\n\t\t\n\t\t<a class=\"elementor-post__read-more\" href=\"https:\/\/lifeqode.de\/fr\/le-glutathion-pour-limmunite-5-choses-a-savoir\/\" aria-label=\"En savoir plus sur Le glutathion pour l&rsquo;immunit\u00e9 : 5 choses \u00e0 savoir\" tabindex=\"-1\" >\n\t\t\tLire la suite \"\t\t<\/a>\n\n\t\t\t\t<\/div>\n\t\t\t\t\t<\/div>\n\t\t<\/article>\n\t\t\t\t<article class=\"elementor-post elementor-grid-item post-1953 post type-post status-publish format-standard has-post-thumbnail hentry category-blog-fr\" role=\"listitem\">\n\t\t\t<div class=\"elementor-post__card\">\n\t\t\t\t<a class=\"elementor-post__thumbnail__link\" href=\"https:\/\/lifeqode.de\/fr\/votre-guide-ultime-pour-la-sante-cardiaque-et-lamelioration-de-limmunite-avec-lextrait-de-feuilles-dolivier-ole\/\" tabindex=\"-1\" ><div class=\"elementor-post__thumbnail\"><img loading=\"lazy\" decoding=\"async\" width=\"860\" height=\"484\" src=\"https:\/\/lifeqode.de\/wp-content\/uploads\/2025\/07\/ole-leaf-extract-breakfast-860x484-1.webp\" class=\"attachment-full size-full wp-image-1730\" alt=\"Eine Frau isst mit einem L\u00f6ffel in der Hand\" srcset=\"https:\/\/lifeqode.de\/wp-content\/uploads\/2025\/07\/ole-leaf-extract-breakfast-860x484-1.webp 860w, https:\/\/lifeqode.de\/wp-content\/uploads\/2025\/07\/ole-leaf-extract-breakfast-860x484-1-300x169.webp 300w, https:\/\/lifeqode.de\/wp-content\/uploads\/2025\/07\/ole-leaf-extract-breakfast-860x484-1-768x432.webp 768w\" sizes=\"(max-width: 860px) 100vw, 860px\" \/><\/div><\/a>\n\t\t\t\t<div class=\"elementor-post__avatar\">\n\t\t\t\t\t<\/div>\n\t\t\t\t<div class=\"elementor-post__text\">\n\t\t\t\t<h2 class=\"elementor-post__title\">\n\t\t\t<a href=\"https:\/\/lifeqode.de\/fr\/votre-guide-ultime-pour-la-sante-cardiaque-et-lamelioration-de-limmunite-avec-lextrait-de-feuilles-dolivier-ole\/\" >\n\t\t\t\tVotre guide ultime pour la sant\u00e9 cardiaque et l&rsquo;am\u00e9lioration de l&rsquo;immunit\u00e9 avec l&rsquo;extrait de feuilles d&rsquo;olivier Ol\u00e9\t\t\t<\/a>\n\t\t<\/h2>\n\t\t\n\t\t<a class=\"elementor-post__read-more\" href=\"https:\/\/lifeqode.de\/fr\/votre-guide-ultime-pour-la-sante-cardiaque-et-lamelioration-de-limmunite-avec-lextrait-de-feuilles-dolivier-ole\/\" aria-label=\"En savoir plus sur Votre guide ultime pour la sant\u00e9 cardiaque et l&rsquo;am\u00e9lioration de l&rsquo;immunit\u00e9 avec l&rsquo;extrait de feuilles d&rsquo;olivier Ol\u00e9\" tabindex=\"-1\" >\n\t\t\tLire la suite \"\t\t<\/a>\n\n\t\t\t\t<\/div>\n\t\t\t\t\t<\/div>\n\t\t<\/article>\n\t\t\t\t<\/div>\n\t\t\n\t\t\t\t\t\t<\/div>\n\t\t\t\t<\/div>\n\t\t\t\t\t<\/div>\n\t\t\t\t<\/div>\n\t\t\t\t<\/div>\n\t\t","protected":false},"excerpt":{"rendered":"<p>Bienvenue sur le blog LifeQode Dans ce blog, nous vous informons r\u00e9guli\u00e8rement sur nos produits et nos nouveaut\u00e9s.<\/p>\n","protected":false},"author":1,"featured_media":1626,"parent":0,"menu_order":0,"comment_status":"closed","ping_status":"closed","template":"elementor_header_footer","meta":{"footnotes":""},"class_list":["post-1823","page","type-page","status-publish","has-post-thumbnail","hentry"],"yoast_head":"<!-- This site is optimized with the Yoast SEO plugin v27.6 - https:\/\/yoast.com\/product\/yoast-seo-wordpress\/ -->\n<title>Blog - LIFEQODE<\/title>\n<meta name=\"robots\" content=\"index, follow, max-snippet:-1, max-image-preview:large, max-video-preview:-1\" \/>\n<link rel=\"canonical\" href=\"https:\/\/lifeqode.de\/fr\/blog\/\" \/>\n<meta property=\"og:locale\" content=\"fr_FR\" \/>\n<meta property=\"og:type\" content=\"article\" \/>\n<meta property=\"og:title\" content=\"Blog - LIFEQODE\" \/>\n<meta property=\"og:description\" content=\"Bienvenue sur le blog LifeQode Dans ce blog, nous vous informons r\u00e9guli\u00e8rement sur nos produits et nos nouveaut\u00e9s.\" \/>\n<meta property=\"og:url\" content=\"https:\/\/lifeqode.de\/fr\/blog\/\" \/>\n<meta property=\"og:site_name\" content=\"LIFEQODE\" \/>\n<meta property=\"article:modified_time\" content=\"2025-07-18T13:24:59+00:00\" \/>\n<meta name=\"twitter:card\" content=\"summary_large_image\" \/>\n<script type=\"application\/ld+json\" class=\"yoast-schema-graph\">{\"@context\":\"https:\\\/\\\/schema.org\",\"@graph\":[{\"@type\":\"WebPage\",\"@id\":\"https:\\\/\\\/lifeqode.de\\\/fr\\\/blog\\\/\",\"url\":\"https:\\\/\\\/lifeqode.de\\\/fr\\\/blog\\\/\",\"name\":\"Blog - LIFEQODE\",\"isPartOf\":{\"@id\":\"https:\\\/\\\/lifeqode.de\\\/#website\"},\"primaryImageOfPage\":{\"@id\":\"https:\\\/\\\/lifeqode.de\\\/fr\\\/blog\\\/#primaryimage\"},\"image\":{\"@id\":\"https:\\\/\\\/lifeqode.de\\\/fr\\\/blog\\\/#primaryimage\"},\"thumbnailUrl\":\"https:\\\/\\\/lifeqode.de\\\/wp-content\\\/uploads\\\/2025\\\/07\\\/cropped-lifeqodefav.png\",\"datePublished\":\"2025-07-11T13:11:53+00:00\",\"dateModified\":\"2025-07-18T13:24:59+00:00\",\"breadcrumb\":{\"@id\":\"https:\\\/\\\/lifeqode.de\\\/fr\\\/blog\\\/#breadcrumb\"},\"inLanguage\":\"fr-FR\",\"potentialAction\":[{\"@type\":\"ReadAction\",\"target\":[\"https:\\\/\\\/lifeqode.de\\\/fr\\\/blog\\\/\"]}]},{\"@type\":\"ImageObject\",\"inLanguage\":\"fr-FR\",\"@id\":\"https:\\\/\\\/lifeqode.de\\\/fr\\\/blog\\\/#primaryimage\",\"url\":\"https:\\\/\\\/lifeqode.de\\\/wp-content\\\/uploads\\\/2025\\\/07\\\/cropped-lifeqodefav.png\",\"contentUrl\":\"https:\\\/\\\/lifeqode.de\\\/wp-content\\\/uploads\\\/2025\\\/07\\\/cropped-lifeqodefav.png\",\"width\":512,\"height\":512,\"caption\":\"LifeQode Logo Icon\"},{\"@type\":\"BreadcrumbList\",\"@id\":\"https:\\\/\\\/lifeqode.de\\\/fr\\\/blog\\\/#breadcrumb\",\"itemListElement\":[{\"@type\":\"ListItem\",\"position\":1,\"name\":\"Startseite\",\"item\":\"https:\\\/\\\/lifeqode.de\\\/fr\\\/page-daccueil\\\/\"},{\"@type\":\"ListItem\",\"position\":2,\"name\":\"Blog\"}]},{\"@type\":\"WebSite\",\"@id\":\"https:\\\/\\\/lifeqode.de\\\/#website\",\"url\":\"https:\\\/\\\/lifeqode.de\\\/\",\"name\":\"LIFEQODE\",\"description\":\"Gib Deinen Zellen was sie brauchen\",\"publisher\":{\"@id\":\"https:\\\/\\\/lifeqode.de\\\/#organization\"},\"potentialAction\":[{\"@type\":\"SearchAction\",\"target\":{\"@type\":\"EntryPoint\",\"urlTemplate\":\"https:\\\/\\\/lifeqode.de\\\/?s={search_term_string}\"},\"query-input\":{\"@type\":\"PropertyValueSpecification\",\"valueRequired\":true,\"valueName\":\"search_term_string\"}}],\"inLanguage\":\"fr-FR\"},{\"@type\":\"Organization\",\"@id\":\"https:\\\/\\\/lifeqode.de\\\/#organization\",\"name\":\"LIFEQODE\",\"url\":\"https:\\\/\\\/lifeqode.de\\\/\",\"logo\":{\"@type\":\"ImageObject\",\"inLanguage\":\"fr-FR\",\"@id\":\"https:\\\/\\\/lifeqode.de\\\/#\\\/schema\\\/logo\\\/image\\\/\",\"url\":\"https:\\\/\\\/lifeqode.de\\\/wp-content\\\/uploads\\\/2025\\\/07\\\/cropped-lifeqodelogo.webp\",\"contentUrl\":\"https:\\\/\\\/lifeqode.de\\\/wp-content\\\/uploads\\\/2025\\\/07\\\/cropped-lifeqodelogo.webp\",\"width\":221,\"height\":47,\"caption\":\"LIFEQODE\"},\"image\":{\"@id\":\"https:\\\/\\\/lifeqode.de\\\/#\\\/schema\\\/logo\\\/image\\\/\"}}]}<\/script>\n<!-- \/ Yoast SEO plugin. -->","yoast_head_json":{"title":"Blog - LIFEQODE","robots":{"index":"index","follow":"follow","max-snippet":"max-snippet:-1","max-image-preview":"max-image-preview:large","max-video-preview":"max-video-preview:-1"},"canonical":"https:\/\/lifeqode.de\/fr\/blog\/","og_locale":"fr_FR","og_type":"article","og_title":"Blog - LIFEQODE","og_description":"Bienvenue sur le blog LifeQode Dans ce blog, nous vous informons r\u00e9guli\u00e8rement sur nos produits et nos nouveaut\u00e9s.","og_url":"https:\/\/lifeqode.de\/fr\/blog\/","og_site_name":"LIFEQODE","article_modified_time":"2025-07-18T13:24:59+00:00","twitter_card":"summary_large_image","schema":{"@context":"https:\/\/schema.org","@graph":[{"@type":"WebPage","@id":"https:\/\/lifeqode.de\/fr\/blog\/","url":"https:\/\/lifeqode.de\/fr\/blog\/","name":"Blog - LIFEQODE","isPartOf":{"@id":"https:\/\/lifeqode.de\/#website"},"primaryImageOfPage":{"@id":"https:\/\/lifeqode.de\/fr\/blog\/#primaryimage"},"image":{"@id":"https:\/\/lifeqode.de\/fr\/blog\/#primaryimage"},"thumbnailUrl":"https:\/\/lifeqode.de\/wp-content\/uploads\/2025\/07\/cropped-lifeqodefav.png","datePublished":"2025-07-11T13:11:53+00:00","dateModified":"2025-07-18T13:24:59+00:00","breadcrumb":{"@id":"https:\/\/lifeqode.de\/fr\/blog\/#breadcrumb"},"inLanguage":"fr-FR","potentialAction":[{"@type":"ReadAction","target":["https:\/\/lifeqode.de\/fr\/blog\/"]}]},{"@type":"ImageObject","inLanguage":"fr-FR","@id":"https:\/\/lifeqode.de\/fr\/blog\/#primaryimage","url":"https:\/\/lifeqode.de\/wp-content\/uploads\/2025\/07\/cropped-lifeqodefav.png","contentUrl":"https:\/\/lifeqode.de\/wp-content\/uploads\/2025\/07\/cropped-lifeqodefav.png","width":512,"height":512,"caption":"LifeQode Logo Icon"},{"@type":"BreadcrumbList","@id":"https:\/\/lifeqode.de\/fr\/blog\/#breadcrumb","itemListElement":[{"@type":"ListItem","position":1,"name":"Startseite","item":"https:\/\/lifeqode.de\/fr\/page-daccueil\/"},{"@type":"ListItem","position":2,"name":"Blog"}]},{"@type":"WebSite","@id":"https:\/\/lifeqode.de\/#website","url":"https:\/\/lifeqode.de\/","name":"LIFEQODE","description":"Gib Deinen Zellen was sie brauchen","publisher":{"@id":"https:\/\/lifeqode.de\/#organization"},"potentialAction":[{"@type":"SearchAction","target":{"@type":"EntryPoint","urlTemplate":"https:\/\/lifeqode.de\/?s={search_term_string}"},"query-input":{"@type":"PropertyValueSpecification","valueRequired":true,"valueName":"search_term_string"}}],"inLanguage":"fr-FR"},{"@type":"Organization","@id":"https:\/\/lifeqode.de\/#organization","name":"LIFEQODE","url":"https:\/\/lifeqode.de\/","logo":{"@type":"ImageObject","inLanguage":"fr-FR","@id":"https:\/\/lifeqode.de\/#\/schema\/logo\/image\/","url":"https:\/\/lifeqode.de\/wp-content\/uploads\/2025\/07\/cropped-lifeqodelogo.webp","contentUrl":"https:\/\/lifeqode.de\/wp-content\/uploads\/2025\/07\/cropped-lifeqodelogo.webp","width":221,"height":47,"caption":"LIFEQODE"},"image":{"@id":"https:\/\/lifeqode.de\/#\/schema\/logo\/image\/"}}]}},"_links":{"self":[{"href":"https:\/\/lifeqode.de\/fr\/wp-json\/wp\/v2\/pages\/1823","targetHints":{"allow":["GET"]}}],"collection":[{"href":"https:\/\/lifeqode.de\/fr\/wp-json\/wp\/v2\/pages"}],"about":[{"href":"https:\/\/lifeqode.de\/fr\/wp-json\/wp\/v2\/types\/page"}],"author":[{"embeddable":true,"href":"https:\/\/lifeqode.de\/fr\/wp-json\/wp\/v2\/users\/1"}],"replies":[{"embeddable":true,"href":"https:\/\/lifeqode.de\/fr\/wp-json\/wp\/v2\/comments?post=1823"}],"version-history":[{"count":2,"href":"https:\/\/lifeqode.de\/fr\/wp-json\/wp\/v2\/pages\/1823\/revisions"}],"predecessor-version":[{"id":2008,"href":"https:\/\/lifeqode.de\/fr\/wp-json\/wp\/v2\/pages\/1823\/revisions\/2008"}],"wp:featuredmedia":[{"embeddable":true,"href":"https:\/\/lifeqode.de\/fr\/wp-json\/wp\/v2\/media\/1626"}],"wp:attachment":[{"href":"https:\/\/lifeqode.de\/fr\/wp-json\/wp\/v2\/media?parent=1823"}],"curies":[{"name":"wp","href":"https:\/\/api.w.org\/{rel}","templated":true}]}}